{"id":6393,"date":"2025-01-15T22:26:36","date_gmt":"2025-01-15T21:26:36","guid":{"rendered":"https:\/\/skottneset.no\/skottnesetferiesenter\/?page_id=6393"},"modified":"2025-01-15T23:34:56","modified_gmt":"2025-01-15T22:34:56","slug":"riggskottneset","status":"publish","type":"page","link":"https:\/\/skottneset.no\/skottnesetferiesenter\/riggskottneset\/","title":{"rendered":"Rigg Skottneset"},"content":{"rendered":"<p>[et_pb_section fb_built=&raquo;1&#8243; admin_label=&raquo;Hero&raquo; _builder_version=&raquo;4.16&#8243; background_color=&raquo;#fff9f9&#8243; custom_padding=&raquo;0|0px|10px|0px|false|false&raquo; bottom_divider_height=&raquo;0px&raquo; border_width_bottom=&raquo;1px&raquo; border_color_bottom=&raquo;#efefef&raquo; global_colors_info=&raquo;{}&raquo;][et_pb_row column_structure=&raquo;1_2,1_2&#8243; _builder_version=&raquo;4.27.4&#8243; width=&raquo;100%&raquo; max_width=&raquo;100%&raquo; min_height=&raquo;433.4px&raquo; custom_margin=&raquo;|||&raquo; custom_margin_tablet=&raquo;||0px|&raquo; custom_margin_phone=&raquo;&raquo; custom_margin_last_edited=&raquo;on|desktop&raquo; custom_padding=&raquo;0|0px|0px|0px|false|false&raquo; hover_enabled=&raquo;0&#8243; use_custom_width=&raquo;on&raquo; width_unit=&raquo;off&raquo; custom_width_percent=&raquo;100%&raquo; global_colors_info=&raquo;{}&raquo; sticky_enabled=&raquo;0&#8243;][et_pb_column type=&raquo;1_2&#8243; _builder_version=&raquo;4.16&#8243; custom_padding=&raquo;6%||6%|12%&raquo; custom_padding_tablet=&raquo;50px|50px|50px|50px&raquo; custom_padding_phone=&raquo;&raquo; custom_padding_last_edited=&raquo;on|tablet&raquo; hover_enabled=&raquo;0&#8243; global_colors_info=&raquo;{}&raquo; padding_tablet=&raquo;50px|50px|50px|50px&raquo; padding_last_edited=&raquo;on|tablet&raquo; custom_padding__hover=&raquo;|||&raquo; padding_phone=&raquo;50px|50px|50px|50px&raquo; sticky_enabled=&raquo;0&#8243;][et_pb_text _builder_version=&raquo;4.27.4&#8243; text_font=&raquo;Montserrat|300|||||||&raquo; text_text_color=&raquo;#677a92&#8243; text_font_size=&raquo;16px&raquo; text_line_height=&raquo;1.8em&raquo; header_font=&raquo;|||||on|||&raquo; header_font_size=&raquo;31px&raquo; header_line_height=&raquo;1.3em&raquo; header_2_font=&raquo;||||||||&raquo; max_width=&raquo;600px&raquo; custom_margin=&raquo;-50px||9px||false|false&raquo; custom_margin_tablet=&raquo;0px|50px||50px&raquo; custom_margin_phone=&raquo;|20px||&raquo; custom_margin_last_edited=&raquo;off|desktop&raquo; custom_padding=&raquo;10px||||false|false&raquo; text_line_height_tablet=&raquo;1.8em&raquo; text_line_height_phone=&raquo;1.8em&raquo; text_line_height_last_edited=&raquo;on|phone&raquo; header_font_size_tablet=&raquo;&raquo; header_font_size_phone=&raquo;36px&raquo; header_font_size_last_edited=&raquo;on|phone&raquo; header_2_font_size_phone=&raquo;30px&raquo; header_2_font_size_last_edited=&raquo;off|desktop&raquo; header_text_shadow_style=&raquo;preset3&#8243; locked=&raquo;off&raquo; global_colors_info=&raquo;{}&raquo;]<\/p>\n<h2><span style=\"color: #003366;\">Riggplass for stadsskipstunell<\/span><\/h2>\n<p>[\/et_pb_text][et_pb_divider _builder_version=&raquo;4.16&#8243; _module_preset=&raquo;default&raquo; custom_margin=&raquo;||8px|||&raquo; global_colors_info=&raquo;{}&raquo;][\/et_pb_divider][et_pb_text _builder_version=&raquo;4.27.4&#8243; text_font=&raquo;Montserrat|300|||||||&raquo; text_font_size=&raquo;16px&raquo; text_line_height=&raquo;2em&raquo; link_font=&raquo;||||||||&raquo; ul_font=&raquo;||||||||&raquo; ol_font=&raquo;||||||||&raquo; quote_font=&raquo;||||||||&raquo; header_font=&raquo;||||||||&raquo; header_2_font=&raquo;Montserrat|300|||||||&raquo; header_2_text_color=&raquo;#212d3b&raquo; header_2_font_size=&raquo;40px&raquo; header_2_line_height=&raquo;1.5em&raquo; max_width=&raquo;780px&raquo; min_height=&raquo;288px&raquo; custom_margin=&raquo;|-116px|-8px|||&raquo; custom_margin_tablet=&raquo;0px|50px||50px&raquo; custom_margin_last_edited=&raquo;off|desktop&raquo; custom_padding=&raquo;|89px|0px|||&raquo; hover_enabled=&raquo;0&#8243; locked=&raquo;off&raquo; global_colors_info=&raquo;{}&raquo; sticky_enabled=&raquo;0&#8243;]<\/p>\n<p>Hva vi kan tilby?<\/p>\n<p>Riggplass<\/p>\n<p>Vi har 2 godkjendte riggplasser til brakkerigg hos oss.<br \/>\u2022 Nederste omr\u00e5det: 27x9m 2 etasjer og 18&#215;9 m 2 etasjer<br \/>\u2022 \u00d8verste omr\u00e5det: 15x9m 2 etasjer og 30x9m 2 etasjer<br \/>\u2022 Vi tilbyr utleige av b\u00e5ter. (Det er og fryseri og tilberedningslokale for fiskeri her)<br \/>\u2022 Vi har sauna som kan bookast. (Det er planer om \u00e5 f\u00e5 p\u00e5 plass 1 til)<br \/>\u2022 Vi har kiosk i resepsjonen.<br \/>\u2022 Vi pr\u00f8ver og \u00e5 f\u00e5 laget til en liten pub i resepsjonslokalet.<br \/>\u2022 11kw Elbil lader. (mulighet for \u00e5 montere flere ved behov)<br \/>\u2022 Kan ordne med catering.<\/p>\n<p>Til tunnel\u00e5pninga 14km med bil. (Her kan vi ordne<br \/>med busstransport om \u00f8nskelig)<br \/>N\u00e6rmeste butikker:<br \/>\u2022 Joker Flatraket 11km (Vi kan ordne med levering av<br \/>varer fr\u00e5 Joker Flatraket<\/p>\n<p>&nbsp;<\/p>\n<p>[\/et_pb_text][et_pb_text _builder_version=&raquo;4.27.4&#8243; _module_preset=&raquo;default&raquo; text_font=&raquo;|||||on|||&raquo; text_text_color=&raquo;#00457A&raquo; custom_padding=&raquo;35px||40px|||&raquo; hover_enabled=&raquo;0&#8243; global_colors_info=&raquo;{}&raquo; sticky_enabled=&raquo;0&#8243; min_height=&raquo;52px&raquo;]<\/p>\n<h3><a href=\"https:\/\/skottneset.no\/skottnesetferiesenter\/wp-content\/uploads\/2025\/01\/Skottneset.pptx.pdf\"><strong>Se mer fra v\u00e5r presentasjon<\/strong><\/a><\/h3>\n<p>[\/et_pb_text][\/et_pb_column][et_pb_column type=&raquo;1_2&#8243; _builder_version=&raquo;4.16&#8243; custom_padding=&raquo;|||&raquo; global_colors_info=&raquo;{}&raquo; custom_padding__hover=&raquo;|||&raquo;][et_pb_image src=&raquo;https:\/\/skottneset.no\/skottnesetferiesenter\/wp-content\/uploads\/2025\/01\/riggplass-960&#215;540.jpg&raquo; title_text=&raquo;riggplass&raquo; align_tablet=&raquo;center&raquo; align_phone=&raquo;&raquo; align_last_edited=&raquo;on|desktop&raquo; _builder_version=&raquo;4.27.4&#8243; custom_margin=&raquo;20px|33px||-57px|false|false&raquo; custom_padding=&raquo;157px|0px|10px|0px|false|false&raquo; hover_enabled=&raquo;0&#8243; border_radii=&raquo;|24vw|||24vw&raquo; border_color_all=&raquo;#0ee1f4&#8243; border_width_left=&raquo;2vw&raquo; border_color_left=&raquo;#37dfff&raquo; box_shadow_style=&raquo;preset4&#8243; box_shadow_horizontal=&raquo;-30px&raquo; box_shadow_spread=&raquo;-10px&raquo; box_shadow_color=&raquo;rgba(14,225,244,0.33)&raquo; global_colors_info=&raquo;{}&raquo; sticky_enabled=&raquo;0&#8243; width=&raquo;107.3%&raquo;][\/et_pb_image][\/et_pb_column][\/et_pb_row][\/et_pb_section]<\/p>\n","protected":false},"excerpt":{"rendered":"<p>Riggplass for stadsskipstunellHva vi kan tilby? Riggplass Vi har 2 godkjendte riggplasser til brakkerigg hos oss.\u2022 Nederste omr\u00e5det: 27x9m 2 etasjer og 18&#215;9 m 2 etasjer\u2022 \u00d8verste omr\u00e5det: 15x9m 2 etasjer og 30x9m 2 etasjer\u2022 Vi tilbyr utleige av b\u00e5ter. (Det er og fryseri og tilberedningslokale for fiskeri her)\u2022 Vi har sauna som kan bookast. [&hellip;]<\/p>\n","protected":false},"author":1,"featured_media":0,"parent":0,"menu_order":0,"comment_status":"closed","ping_status":"closed","template":"","meta":{"_et_pb_use_builder":"on","_et_pb_old_content":"","_et_gb_content_width":"","footnotes":""},"_links":{"self":[{"href":"https:\/\/skottneset.no\/skottnesetferiesenter\/wp-json\/wp\/v2\/pages\/6393"}],"collection":[{"href":"https:\/\/skottneset.no\/skottnesetferiesenter\/wp-json\/wp\/v2\/pages"}],"about":[{"href":"https:\/\/skottneset.no\/skottnesetferiesenter\/wp-json\/wp\/v2\/types\/page"}],"author":[{"embeddable":true,"href":"https:\/\/skottneset.no\/skottnesetferiesenter\/wp-json\/wp\/v2\/users\/1"}],"replies":[{"embeddable":true,"href":"https:\/\/skottneset.no\/skottnesetferiesenter\/wp-json\/wp\/v2\/comments?post=6393"}],"version-history":[{"count":14,"href":"https:\/\/skottneset.no\/skottnesetferiesenter\/wp-json\/wp\/v2\/pages\/6393\/revisions"}],"predecessor-version":[{"id":6423,"href":"https:\/\/skottneset.no\/skottnesetferiesenter\/wp-json\/wp\/v2\/pages\/6393\/revisions\/6423"}],"wp:attachment":[{"href":"https:\/\/skottneset.no\/skottnesetferiesenter\/wp-json\/wp\/v2\/media?parent=6393"}],"curies":[{"name":"wp","href":"https:\/\/api.w.org\/{rel}","templated":true}]}}